{"id":2506,"date":"2021-06-02T23:33:09","date_gmt":"2021-06-03T02:33:09","guid":{"rendered":"http:\/\/tiagofick-site.test:30000\/?page_id=2506"},"modified":"2021-06-02T23:33:09","modified_gmt":"2021-06-03T02:33:09","slug":"sobre-mim","status":"publish","type":"page","link":"https:\/\/tiagofick.com.br\/site\/sobre-mim\/","title":{"rendered":"Sobre Mim"},"content":{"rendered":"\n<p style=\"font-size:15px\">Desenvolvedor WEB, formado como t\u00e9cnico em inform\u00e1tica pelo Instituto de Educa\u00e7\u00e3o Ivoti e graduado em Sistemas de Tecnologia para Internet pela Universidade FEEVALE. <\/p>\n\n\n\n<p style=\"font-size:15px\">Atuando como Desenvolvedor de Sistemas pela empresa CWI Software e Freelancer nas horas vagas.<\/p>\n\n\n\n<p style=\"font-size:15px\">Amante de tecnologia, m\u00fasica, chimarr\u00e3o e bons amigos!<\/p>\n\n\n\n<h2 class=\"has-text-align-center wp-block-heading\" style=\"font-size:18px\"><strong>Forma\u00e7\u00e3o Acad\u00eamica<\/strong><\/h2>\n\n\n\n<div class=\"wp-block-columns has-gray-background-color has-background is-layout-flex wp-container-core-columns-is-layout-9d6595d7 wp-block-columns-is-layout-flex\">\n<div class=\"wp-block-column is-layout-flow wp-block-column-is-layout-flow\">\n<h6 class=\"wp-block-heading\" style=\"font-size:15px\">Universidade Feevale<\/h6>\n\n\n\n<p style=\"font-size:15px\"><em>P\u00f3s-Gradua\u00e7\u00e3o<\/em><\/p>\n\n\n\n<p class=\"has-small-font-size\">2012 &#8211; Trancada<\/p>\n\n\n\n<p style=\"font-size:15px\"><strong>N\u00e3o Conclu\u00edda<\/strong><\/p>\n\n\n\n<p style=\"font-size:15px\">Eng. de softwares focado em desenvolvimento mobile. <\/p>\n<\/div>\n\n\n\n<div class=\"wp-block-column is-layout-flow wp-block-column-is-layout-flow\">\n<h6 class=\"wp-block-heading\" style=\"font-size:15px\">Universidade Feevale<\/h6>\n\n\n\n<p style=\"font-size:15px\"><em>Gradua\u00e7\u00e3o<\/em><\/p>\n\n\n\n<p class=\"has-small-font-size\">2008 &#8211; 2011<\/p>\n\n\n\n<p style=\"font-size:15px\"><strong>Conclu\u00edda<\/strong><\/p>\n\n\n\n<p style=\"font-size:15px\">Sistemas de Tecnologia Para Internet<\/p>\n<\/div>\n\n\n\n<div class=\"wp-block-column is-layout-flow wp-block-column-is-layout-flow\">\n<h6 class=\"wp-block-heading\" style=\"font-size:15px\">Instituto de Educa\u00e7\u00e3o Ivoti<\/h6>\n\n\n\n<p style=\"font-size:15px\"><em>T\u00e9cnico<\/em><\/p>\n\n\n\n<p class=\"has-small-font-size\">2004 &#8211; 2006<\/p>\n\n\n\n<p style=\"font-size:15px\"><strong>Conclu\u00eddo<\/strong><\/p>\n\n\n\n<p style=\"font-size:15px\">T\u00e9cnico de Inform\u00e1tica<\/p>\n<\/div>\n<\/div>\n\n\n\n<h2 class=\"has-text-align-center wp-block-heading\" style=\"font-size:18px\"><strong>Experi\u00eancia Profissional (tr\u00eas \u00faltimas empresas)<\/strong><\/h2>\n\n\n\n<div class=\"wp-block-columns are-vertically-aligned-top has-gray-background-color has-background is-layout-flex wp-container-core-columns-is-layout-9d6595d7 wp-block-columns-is-layout-flex\">\n<div class=\"wp-block-column is-vertically-aligned-top is-layout-flow wp-block-column-is-layout-flow\">\n<h6 class=\"wp-block-heading\" style=\"font-size:15px\">CWI Software<\/h6>\n\n\n\n<p style=\"font-size:15px\">D<strong>ez\/2020<\/strong><br><strong>At\u00e9 o momento<\/strong><\/p>\n\n\n\n<p style=\"font-size:15px\">Sustenta\u00e7\u00e3o de Sistemas WEB<\/p>\n\n\n\n<ul class=\"wp-block-list\" style=\"font-size:15px\"><li>PHP<\/li><\/ul>\n\n\n\n<ul class=\"wp-block-list\" style=\"font-size:15px\"><li>MySQL<\/li><\/ul>\n\n\n\n<ul class=\"wp-block-list\" style=\"font-size:15px\"><li>ExtJS<\/li><\/ul>\n<\/div>\n\n\n\n<div class=\"wp-block-column is-vertically-aligned-top is-layout-flow wp-block-column-is-layout-flow\">\n<h6 class=\"wp-block-heading\" style=\"font-size:15px\">DBC Company<\/h6>\n\n\n\n<p style=\"font-size:15px\"><strong>Set\/2019<\/strong><br><strong>Dez\/2020<\/strong><\/p>\n\n\n\n<p style=\"font-size:15px\">Sustenta\u00e7\u00e3o de sistemas WEB<\/p>\n\n\n\n<ul class=\"wp-block-list\" style=\"font-size:15px\"><li>PHP<\/li><\/ul>\n\n\n\n<ul class=\"wp-block-list\" style=\"font-size:15px\"><li>Oracle<\/li><\/ul>\n\n\n\n<ul class=\"wp-block-list\" style=\"font-size:15px\"><li>ExtJS<br><\/li><\/ul>\n<\/div>\n\n\n\n<div class=\"wp-block-column is-vertically-aligned-top is-layout-flow wp-block-column-is-layout-flow\">\n<h6 class=\"wp-block-heading\" style=\"font-size:15px\">IP Tecnologia<\/h6>\n\n\n\n<p style=\"font-size:15px\"><strong>Jan\/2014<\/strong><br><strong>Set\/2019<\/strong><\/p>\n\n\n\n<p style=\"font-size:15px\">Sustenta\u00e7\u00e3o de sistemas WEB <\/p>\n\n\n\n<ul class=\"wp-block-list\" style=\"font-size:15px\"><li>PHP<\/li><\/ul>\n\n\n\n<ul class=\"wp-block-list\" style=\"font-size:15px\"><li>PostgreSQL<\/li><\/ul>\n\n\n\n<ul class=\"wp-block-list\" style=\"font-size:15px\"><li>JasperStudio<\/li><\/ul>\n<\/div>\n<\/div>\n\n\n\n<p><\/p>\n","protected":false},"excerpt":{"rendered":"<p>Desenvolvedor WEB, formado como t\u00e9cnico em inform\u00e1tica pelo Instituto de Educa\u00e7\u00e3o Ivoti e graduado em Sistemas de Tecnologia para Internet pela Universidade FEEVALE. Atuando como Desenvolvedor de Sistemas pela empresa&#46;&#46;&#46;<\/p>\n","protected":false},"author":1,"featured_media":0,"parent":0,"menu_order":0,"comment_status":"closed","ping_status":"closed","template":"","meta":{"footnotes":""},"class_list":["post-2506","page","type-page","status-publish","hentry"],"aioseo_notices":[],"_links":{"self":[{"href":"https:\/\/tiagofick.com.br\/site\/wp-json\/wp\/v2\/pages\/2506","targetHints":{"allow":["GET"]}}],"collection":[{"href":"https:\/\/tiagofick.com.br\/site\/wp-json\/wp\/v2\/pages"}],"about":[{"href":"https:\/\/tiagofick.com.br\/site\/wp-json\/wp\/v2\/types\/page"}],"author":[{"embeddable":true,"href":"https:\/\/tiagofick.com.br\/site\/wp-json\/wp\/v2\/users\/1"}],"replies":[{"embeddable":true,"href":"https:\/\/tiagofick.com.br\/site\/wp-json\/wp\/v2\/comments?post=2506"}],"version-history":[{"count":0,"href":"https:\/\/tiagofick.com.br\/site\/wp-json\/wp\/v2\/pages\/2506\/revisions"}],"wp:attachment":[{"href":"https:\/\/tiagofick.com.br\/site\/wp-json\/wp\/v2\/media?parent=2506"}],"curies":[{"name":"wp","href":"https:\/\/api.w.org\/{rel}","templated":true}]}}